{"id":68,"date":"2025-12-04T18:18:21","date_gmt":"2025-12-04T18:18:21","guid":{"rendered":"https:\/\/sustrat.com\/?page_id=68"},"modified":"2025-12-05T00:29:57","modified_gmt":"2025-12-05T00:29:57","slug":"sustrat-landing-page","status":"publish","type":"page","link":"https:\/\/sustrat.com\/","title":{"rendered":"Sustrat Landing Page"},"content":{"rendered":"<div class=\"wpb-content-wrapper\"><p>[vc_row full_width=&#8221;stretch_row_content&#8221; full_height=&#8221;yes&#8221; video_bg=&#8221;yes&#8221; video_bg_url=&#8221;https:\/\/www.youtube.com\/watch?v=HmXqlFy_IUY&amp;list=PLDTG-mhC5UzPo-QFAg7dXbJUVtRCjUN6J&amp;index=2&#8243; video_bg_parallax=&#8221;content-moving&#8221;][vc_column][vc_row_inner content_placement=&#8221;middle&#8221;][vc_column_inner width=&#8221;2\/6&#8243;][vc_single_image image=&#8221;116&#8243; img_size=&#8221;160&#215;50&#8243; alignment=&#8221;center&#8221; css=&#8221;&#8221;][\/vc_column_inner][vc_column_inner width=&#8221;1\/6&#8243;][vc_btn title=&#8221;Nostros&#8221; style=&#8221;outline&#8221; shape=&#8221;round&#8221; color=&#8221;success&#8221; align=&#8221;center&#8221; css_animation=&#8221;fadeIn&#8221; css=&#8221;&#8221; el_class=&#8221;get_my_copy&#8221; link=&#8221;url:https%3A%2F%2Fsustrat.com%2F%23Nosotros|title:Sustrat%20Landing%20Page&#8221;][\/vc_column_inner][vc_column_inner width=&#8221;1\/6&#8243;][vc_btn title=&#8221;Servicios&#8221; style=&#8221;outline&#8221; shape=&#8221;round&#8221; color=&#8221;success&#8221; align=&#8221;center&#8221; css_animation=&#8221;fadeIn&#8221; css=&#8221;&#8221; link=&#8221;url:https%3A%2F%2Fsustrat.com%2F%23Servicios|title:Sustrat%20Landing%20Page&#8221; el_class=&#8221;get_my_copy&#8221;][\/vc_column_inner][vc_column_inner width=&#8221;1\/6&#8243;][vc_btn title=&#8221;Blog&#8221; style=&#8221;outline&#8221; shape=&#8221;round&#8221; color=&#8221;success&#8221; align=&#8221;center&#8221; css_animation=&#8221;fadeIn&#8221; css=&#8221;&#8221; link=&#8221;url:https%3A%2F%2Fsustrat.com%2F%23Blog|title:Sustrat%20Landing%20Page&#8221; el_class=&#8221;get_my_copy&#8221;][\/vc_column_inner][vc_column_inner width=&#8221;1\/6&#8243;][vc_btn title=&#8221;Contacto&#8221; style=&#8221;outline&#8221; shape=&#8221;round&#8221; color=&#8221;success&#8221; align=&#8221;center&#8221; css_animation=&#8221;fadeIn&#8221; css=&#8221;&#8221; link=&#8221;url:https%3A%2F%2Fsustrat.com%2F%23Contacto|title:Sustrat%20Landing%20Page&#8221; el_class=&#8221;get_my_copy&#8221;][\/vc_column_inner][\/vc_row_inner][vc_row_inner][vc_column_inner][vc_empty_space height=&#8221;124px&#8221;][\/vc_column_inner][\/vc_row_inner][vc_row_inner][vc_column_inner][vc_single_image image=&#8221;87&#8243; img_size=&#8221;medium&#8221; alignment=&#8221;center&#8221; css_animation=&#8221;fadeIn&#8221; css=&#8221;&#8221;][vc_custom_heading text=&#8221;Consultor\u00eda Empresarial Especializada en Sostenibilidad&#8221; font_container=&#8221;tag:h4|font_size:24|text_align:center|color:%23ffffff&#8221; google_fonts=&#8221;font_family:Montserrat%3Aregular%2C700|font_style:700%20bold%20regular%3A700%3Anormal&#8221; css_animation=&#8221;fadeIn&#8221; css=&#8221;&#8221;][vc_custom_heading text=&#8221;Liderando el cambio hacia un futuro empresarial sostenible y responsable.&#8221; font_container=&#8221;tag:h6|font_size:12|text_align:center|color:%23ffffff&#8221; google_fonts=&#8221;font_family:Montserrat%3Aregular%2C700|font_style:400%20regular%3A400%3Anormal&#8221; css_animation=&#8221;fadeIn&#8221; css=&#8221;.vc_custom_1764879889674{margin-top: 25px !important;}&#8221;][vc_column_text css=&#8221;&#8221;][\/vc_column_text][vc_separator el_width=&#8221;40&#8243; css=&#8221;&#8221;][vc_btn title=&#8221;Agenda una consulta gratuita.&#8221; style=&#8221;outline&#8221; shape=&#8221;round&#8221; color=&#8221;white&#8221; align=&#8221;center&#8221; css_animation=&#8221;fadeIn&#8221; css=&#8221;&#8221; link=&#8221;url:https%3A%2F%2Fcalendly.com%2Fsustratconsultoria&#8221; el_class=&#8221;get_my_copy&#8221;][vc_btn title=&#8221;Descarga nuestro brochure.&#8221; style=&#8221;outline&#8221; shape=&#8221;round&#8221; color=&#8221;white&#8221; align=&#8221;center&#8221; css_animation=&#8221;fadeIn&#8221; css=&#8221;&#8221; link=&#8221;||&#8221; el_class=&#8221;get_my_copy&#8221;][\/vc_column_inner][\/vc_row_inner][vc_row_inner][vc_column_inner][vc_empty_space height=&#8221;48px&#8221;][\/vc_column_inner][\/vc_row_inner][\/vc_column][\/vc_row][vc_row full_width=&#8221;stretch_row&#8221; video_bg=&#8221;yes&#8221; video_bg_url=&#8221;https:\/\/www.youtube.com\/watch?v=R-V5NyN9XKo&amp;list=RDR-V5NyN9XKo&amp;start_radio=1&#8243; video_bg_parallax=&#8221;content-moving&#8221; css_animation=&#8221;fadeIn&#8221; min_height=&#8221;650&#8243;][vc_column][vc_row_inner el_id=&#8221;Nosotros&#8221; css=&#8221;.vc_custom_1764891589648{margin-top: 15px !important;}&#8221;][vc_column_inner el_id=&#8221;Nosotros&#8221;][vc_custom_heading text=&#8221;Nosotros&#8221; font_container=&#8221;tag:h2|font_size:48|text_align:center|color:%23FFFFFF&#8221; google_fonts=&#8221;font_family:Montserrat%3Aregular%2C700|font_style:400%20regular%3A400%3Anormal&#8221; css_animation=&#8221;fadeIn&#8221; css=&#8221;&#8221;][vc_separator color=&#8221;custom&#8221; el_width=&#8221;20&#8243; css=&#8221;&#8221; accent_color=&#8221;#FFFFFF&#8221;][\/vc_column_inner][\/vc_row_inner][vc_row_inner][vc_column_inner][vc_empty_space height=&#8221;128px&#8221;][\/vc_column_inner][\/vc_row_inner][vc_row_inner][vc_column_inner width=&#8221;2\/3&#8243;][vc_custom_heading text=&#8221;Desarrolla tu impacto financiero.&#8221; font_container=&#8221;tag:h1|font_size:60|text_align:left|color:%23ffffff&#8221; use_theme_fonts=&#8221;yes&#8221; css_animation=&#8221;fadeIn&#8221; css=&#8221;&#8221;][vc_column_text css_animation=&#8221;fadeIn&#8221; css=&#8221;&#8221;]<\/p>\n<div style=\"text-align: left;\"><span style=\"color: #ffffff;\">En Sustrat ayudamos a SOFOMES y entidades financieras a fortalecer su estrategia ESG, cumplir est\u00e1ndares internacionales y prepararse para atraer fondeo institucional y de impacto. Transformamos la sostenibilidad en una ventaja competitiva mediante diagn\u00f3sticos, marcos estrat\u00e9gicos, SARAS, reportes y acompa\u00f1amiento directo con inversionistas. Nuestro enfoque combina rigor t\u00e9cnico, claridad estrat\u00e9gica y resultados financieros medibles que impulsan el crecimiento sostenible de tu organizaci\u00f3n.<\/span><\/div>\n<p>[\/vc_column_text][\/vc_column_inner][vc_column_inner width=&#8221;1\/3&#8243;][\/vc_column_inner][\/vc_row_inner][\/vc_column][\/vc_row][vc_row][vc_column el_id=&#8221;Servicios&#8221;][vc_row_inner][vc_column_inner][vc_custom_heading text=&#8221;Servicios&#8221; font_container=&#8221;tag:h2|font_size:48|text_align:center|color:%23316E36&#8243; google_fonts=&#8221;font_family:Montserrat%3Aregular%2C700|font_style:400%20regular%3A400%3Anormal&#8221; css_animation=&#8221;fadeIn&#8221; css=&#8221;&#8221;][vc_separator color=&#8221;custom&#8221; el_width=&#8221;20&#8243; css=&#8221;&#8221; accent_color=&#8221;#316E36&#8243;][\/vc_column_inner][\/vc_row_inner][vc_row_inner][vc_column_inner width=&#8221;1\/4&#8243;][vc_single_image image=&#8221;87&#8243; alignment=&#8221;center&#8221; css=&#8221;&#8221;][\/vc_column_inner][vc_column_inner width=&#8221;1\/4&#8243;][vc_custom_heading text=&#8221;Estrategia Sostenible a la Medida&#8221; font_container=&#8221;tag:h4|text_align:left|color:%23316E36&#8243; use_theme_fonts=&#8221;yes&#8221; css=&#8221;&#8221;][vc_column_text css=&#8221;&#8221;]Evaluamos tu situaci\u00f3n actual, alineamos tu operaci\u00f3n a est\u00e1ndares internacionales y dise\u00f1amos una hoja de ruta que posiciona a tu entidad ante inversionistas institucionales y de impacto.[\/vc_column_text][\/vc_column_inner][vc_column_inner width=&#8221;1\/4&#8243;][vc_single_image image=&#8221;87&#8243; alignment=&#8221;center&#8221; css=&#8221;&#8221;][\/vc_column_inner][vc_column_inner width=&#8221;1\/4&#8243;][vc_custom_heading text=&#8221;Implementaci\u00f3n del Sistema SARAS&#8221; font_container=&#8221;tag:h4|text_align:left|color:%23316E36&#8243; use_theme_fonts=&#8221;yes&#8221; css=&#8221;&#8221;][vc_column_text css=&#8221;&#8221;]Dise\u00f1amos e implementamos un SARAS robusto, pr\u00e1ctico y adaptado a tu modelo de negocio, cumpliendo criterios de riesgo ambiental y social exigidos por fondos internacionales y calificadoras.[\/vc_column_text][\/vc_column_inner][\/vc_row_inner][vc_row_inner css=&#8221;.vc_custom_1764894517730{padding-bottom: 25px !important;}&#8221;][vc_column_inner width=&#8221;1\/4&#8243;][vc_single_image image=&#8221;87&#8243; alignment=&#8221;center&#8221; css=&#8221;&#8221;][\/vc_column_inner][vc_column_inner width=&#8221;1\/4&#8243;][vc_custom_heading text=&#8221;Dise\u00f1o de Marcos y Pol\u00edticas ESG&#8221; font_container=&#8221;tag:h4|text_align:left|color:%23316E36&#8243; use_theme_fonts=&#8221;yes&#8221; css=&#8221;&#8221;][vc_column_text css=&#8221;&#8221;]Construimos pol\u00edticas, marcos de referencia, taxonom\u00edas internas y estructuras de gobernanza que facilitan el cumplimiento normativo y fortalecen la toma de decisiones ESG.[\/vc_column_text][\/vc_column_inner][vc_column_inner width=&#8221;1\/4&#8243;][vc_single_image image=&#8221;87&#8243; alignment=&#8221;center&#8221; css=&#8221;&#8221;][\/vc_column_inner][vc_column_inner width=&#8221;1\/4&#8243;][vc_custom_heading text=&#8221;Acompa\u00f1amiento para Fondeo de Impacto&#8221; font_container=&#8221;tag:h4|text_align:left|color:%23316E36&#8243; use_theme_fonts=&#8221;yes&#8221; css=&#8221;&#8221;][vc_column_text css=&#8221;&#8221;]Preparamos a tu entidad para atraer capital sostenible mediante an\u00e1lisis ESG, documentaci\u00f3n estrat\u00e9gica, m\u00e9tricas, KPIs y contacto con inversionistas.[\/vc_column_text][\/vc_column_inner][\/vc_row_inner][\/vc_column][\/vc_row][vc_row full_width=&#8221;stretch_row_content&#8221; video_bg=&#8221;yes&#8221; video_bg_url=&#8221;https:\/\/www.youtube.com\/watch?v=IjPef0ETzRY&#8221; video_bg_parallax=&#8221;content-moving&#8221; css=&#8221;.vc_custom_1764894587899{padding-top: 15px !important;padding-bottom: 15px !important;background-color: #00000000 !important;}&#8221;][vc_column][vc_row_inner][vc_column_inner][vc_custom_heading text=&#8221;Beneficios&#8221; font_container=&#8221;tag:h2|font_size:48|text_align:center|color:%23FFFFFF&#8221; google_fonts=&#8221;font_family:Montserrat%3Aregular%2C700|font_style:400%20regular%3A400%3Anormal&#8221; css_animation=&#8221;fadeIn&#8221; css=&#8221;&#8221;][vc_separator color=&#8221;custom&#8221; el_width=&#8221;10&#8243; css=&#8221;&#8221; accent_color=&#8221;#FFFFFF&#8221;][\/vc_column_inner][\/vc_row_inner][vc_row_inner][vc_column_inner width=&#8221;1\/5&#8243;][vc_icon icon_fontawesome=&#8221;fa fa-solid fa-shapes&#8221; color=&#8221;white&#8221; background_style=&#8221;rounded&#8221; background_color=&#8221;custom&#8221; size=&#8221;lg&#8221; align=&#8221;center&#8221; css=&#8221;&#8221; custom_background_color=&#8221;#316E36&#8243;][vc_custom_heading text=&#8221;Implementaci\u00f3n ESG s\u00f3lida&#8221; font_container=&#8221;tag:h4|font_size:22|text_align:center|color:%23FFFFFF|line_height:1.2&#8243; google_fonts=&#8221;font_family:Montserrat%3Aregular%2C700|font_style:400%20regular%3A400%3Anormal&#8221; css=&#8221;&#8221;][vc_column_text css=&#8221;&#8221;]<\/p>\n<p style=\"text-align: center;\"><span style=\"color: #ffffff;\">Mejor acceso a fondeo institucional y tasas preferenciales.<\/span><\/p>\n<p>[\/vc_column_text][\/vc_column_inner][vc_column_inner width=&#8221;1\/5&#8243;][vc_icon icon_fontawesome=&#8221;fa fa-solid fa-users-gear&#8221; color=&#8221;white&#8221; background_style=&#8221;rounded&#8221; background_color=&#8221;custom&#8221; size=&#8221;lg&#8221; align=&#8221;center&#8221; css=&#8221;&#8221; custom_background_color=&#8221;#316E36&#8243;][vc_custom_heading text=&#8221;Sistema SARAS efectivo&#8221; font_container=&#8221;tag:h4|font_size:22|text_align:center|color:%23FFFFFF|line_height:1.2&#8243; google_fonts=&#8221;font_family:Montserrat%3Aregular%2C700|font_style:400%20regular%3A400%3Anormal&#8221; css=&#8221;&#8221;][vc_column_text css=&#8221;&#8221;]<\/p>\n<p style=\"text-align: center;\"><span style=\"color: #ffffff;\">Menor riesgo operativo y cumplimiento ante evaluadores e inversionistas.<\/span><\/p>\n<p>[\/vc_column_text][\/vc_column_inner][vc_column_inner width=&#8221;1\/5&#8243;][vc_icon icon_fontawesome=&#8221;fa fa-solid fa-brain&#8221; color=&#8221;white&#8221; background_style=&#8221;rounded&#8221; background_color=&#8221;custom&#8221; size=&#8221;lg&#8221; align=&#8221;center&#8221; css=&#8221;&#8221; custom_background_color=&#8221;#316E36&#8243;][vc_custom_heading text=&#8221;Estrategia sostenible clara&#8221; font_container=&#8221;tag:h4|font_size:22|text_align:center|color:%23FFFFFF|line_height:1.2&#8243; google_fonts=&#8221;font_family:Montserrat%3Aregular%2C700|font_style:400%20regular%3A400%3Anormal&#8221; css=&#8221;&#8221;][vc_column_text css=&#8221;&#8221;]<\/p>\n<p style=\"text-align: center;\"><span style=\"color: #ffffff;\">Mayor competitividad frente a fondos internacionales.<\/span><\/p>\n<p>[\/vc_column_text][\/vc_column_inner][vc_column_inner width=&#8221;1\/5&#8243;][vc_icon icon_fontawesome=&#8221;fa fa-regular fa-pen-to-square&#8221; color=&#8221;white&#8221; background_style=&#8221;rounded&#8221; background_color=&#8221;custom&#8221; size=&#8221;lg&#8221; align=&#8221;center&#8221; css=&#8221;&#8221; custom_background_color=&#8221;#316E36&#8243;][vc_custom_heading text=&#8221;Reportes ESG profesionales&#8221; font_container=&#8221;tag:h4|font_size:22|text_align:center|color:%23FFFFFF|line_height:1.2&#8243; google_fonts=&#8221;font_family:Montserrat%3Aregular%2C700|font_style:400%20regular%3A400%3Anormal&#8221; css=&#8221;&#8221;][vc_column_text css=&#8221;&#8221;]<\/p>\n<p style=\"text-align: center;\"><span style=\"color: #ffffff;\">Transparencia y confianza para stakeholders clave.<\/span><\/p>\n<p>[\/vc_column_text][\/vc_column_inner][vc_column_inner width=&#8221;1\/5&#8243;][vc_icon icon_fontawesome=&#8221;fa fa-regular fa-star&#8221; color=&#8221;white&#8221; background_style=&#8221;rounded&#8221; background_color=&#8221;custom&#8221; size=&#8221;lg&#8221; align=&#8221;center&#8221; css=&#8221;&#8221; custom_background_color=&#8221;#316E36&#8243;][vc_custom_heading text=&#8221;Acompa\u00f1amiento experto&#8221; font_container=&#8221;tag:h4|font_size:22|text_align:center|color:%23FFFFFF|line_height:1.2&#8243; google_fonts=&#8221;font_family:Montserrat%3Aregular%2C700|font_style:400%20regular%3A400%3Anormal&#8221; css=&#8221;&#8221;][vc_column_text css=&#8221;&#8221;]<\/p>\n<p style=\"text-align: center;\"><span style=\"color: #ffffff;\">Decisiones estrat\u00e9gicas basadas en datos y est\u00e1ndares globales.<\/span><\/p>\n<p>[\/vc_column_text][\/vc_column_inner][\/vc_row_inner][\/vc_column][\/vc_row][vc_row][vc_column el_id=&#8221;Blog&#8221;][vc_row_inner][vc_column_inner][vc_custom_heading text=&#8221;Blog&#8221; font_container=&#8221;tag:h2|font_size:48|text_align:center|color:%23316E36&#8243; google_fonts=&#8221;font_family:Montserrat%3Aregular%2C700|font_style:400%20regular%3A400%3Anormal&#8221; css_animation=&#8221;fadeIn&#8221; css=&#8221;&#8221;][vc_separator color=&#8221;custom&#8221; el_width=&#8221;20&#8243; css=&#8221;&#8221; accent_color=&#8221;#316E36&#8243;][\/vc_column_inner][\/vc_row_inner][vc_row_inner][vc_column_inner][vc_basic_grid post_type=&#8221;post&#8221; max_items=&#8221;&#8221; style=&#8221;load-more&#8221; items_per_page=&#8221;4&#8243; element_width=&#8221;6&#8243; item=&#8221;basicGrid_ScaleInWithRotation&#8221; css=&#8221;&#8221; btn_color=&#8221;success&#8221; grid_id=&#8221;vc_gid:1764894564745-452b0d92-4553-10&#8243;][\/vc_column_inner][\/vc_row_inner][\/vc_column][\/vc_row][vc_row full_width=&#8221;stretch_row_content_no_spaces&#8221;][vc_column][vc_separator][\/vc_column][\/vc_row][vc_row full_width=&#8221;stretch_row_content&#8221;][vc_column el_id=&#8221;Contacto&#8221;][vc_row_inner][vc_column_inner][vc_custom_heading text=&#8221;Contacto&#8221; font_container=&#8221;tag:h2|font_size:48|text_align:center|color:%23316E36&#8243; google_fonts=&#8221;font_family:Montserrat%3Aregular%2C700|font_style:400%20regular%3A400%3Anormal&#8221; css_animation=&#8221;fadeIn&#8221; css=&#8221;&#8221;][vc_separator color=&#8221;custom&#8221; el_width=&#8221;20&#8243; css=&#8221;&#8221; accent_color=&#8221;#316E36&#8243;][\/vc_column_inner][\/vc_row_inner][vc_row_inner][vc_column_inner width=&#8221;1\/2&#8243;][vc_goo_maps location=&#8221;Vicente Ferrara 138, Centro, 64060 Monterrey, N.L.&#8221; css_animation=&#8221;fadeIn&#8221; css=&#8221;&#8221;][\/vc_column_inner][vc_column_inner width=&#8221;1\/2&#8243;][vc_column_text css=&#8221;&#8221;]<\/p>\n<h5><span style=\"color: #000000;\">Ubicaci\u00f3n<\/span><\/h5>\n<p><span style=\"color: #000000;\">Vicente Ferrara #138<\/span><br \/>\n<span style=\"color: #000000;\">Col. Parque Obispado<\/span><br \/>\n<span style=\"color: #000000;\">Monterrey NL C.P. 64060 M\u00e9xico<\/span><\/p>\n<p><span style=\"color: #000000;\"><em><a style=\"color: #000000;\" href=\"https:\/\/maps.app.goo.gl\/ypFoMJfV4SNrnZ8p7\" target=\"_blank\" rel=\"noopener\">https:\/\/maps.app.goo.gl\/ypFoMJfV4SNrnZ8p7<\/a><\/em><\/span><\/p>\n<h5 class=\"x-el x-el-h4 c1-1 c1-2 c1-17 c1-18 c1-8j c1-1q c1-1p c1-1a c1-8k c1-b c1-3d c1-5w c1-1e c1-5z c1-61 c1-62 c1-63\" role=\"heading\" aria-level=\"4\" data-ux=\"ContentHeading\" data-aid=\"CONTACT_HOURS_TITLE_REND\" data-typography=\"HeadingDelta\"><span style=\"color: #000000;\">Horario<\/span><\/h5>\n<div class=\"x-el c1-1 c1-2 c1-17 c1-18 c1-19 c1-1a c1-1b c1-9k c1-9l c1-9m c1-9n c1-9o c1-9p c1-9q c1-9r c1-9s c1-9t c1-9u c1-9v c1-9w c1-9x c1-9y c1-9z c1-a0 c1-a1 c1-a2 c1-a3 c1-a4 c1-a5 c1-a6 c1-a7 c1-a8 c1-a9 c1-aa c1-ab c1-b c1-3z c1-c c1-1e c1-d c1-e c1-f c1-g x-rt\" data-ux=\"ContentText\" data-aid=\"CONTACT_HOURS_CUST_MSG_REND\" data-typography=\"BodyAlpha\">\n<p><span style=\"color: #000000;\">Lunes a Viernes: 9:00-18:00<\/span><\/p>\n<\/div>\n<h5><span style=\"color: #000000;\">Comunicaci\u00f3n<\/span><\/h5>\n<p><span style=\"color: #000000;\">Tel\u00e9fono: +52 (81) 1482 6731<\/span><br \/>\n<span style=\"color: #000000;\">Email: contacto@sustrat.com<\/span><\/p>\n<p><a href=\"https:\/\/calendly.com\/sustratconsultoria\">https:\/\/calendly.com\/sustratconsultoria<\/a>[\/vc_column_text][\/vc_column_inner][\/vc_row_inner][\/vc_column][\/vc_row]<\/p>\n<\/div>","protected":false},"excerpt":{"rendered":"<p>[vc_row full_width=&#8221;stretch_row_content&#8221; full_height=&#8221;yes&#8221; video_bg=&#8221;yes&#8221; video_bg_url=&#8221;https:\/\/www.youtube.com\/watch?v=HmXqlFy_IUY&amp;list=PLDTG-mhC5UzPo-QFAg7dXbJUVtRCjUN6J&amp;index=2&#8243; video_bg_parallax=&#8221;content-moving&#8221;][vc_column][vc_row_inner content_placement=&#8221;middle&#8221;][vc_column_inner width=&#8221;2\/6&#8243;][vc_single_image image=&#8221;116&#8243; img_size=&#8221;160&#215;50&#8243; alignment=&#8221;center&#8221; css=&#8221;&#8221;][\/vc_column_inner][vc_column_inner width=&#8221;1\/6&#8243;][vc_btn title=&#8221;Nostros&#8221; style=&#8221;outline&#8221; shape=&#8221;round&#8221; color=&#8221;success&#8221; align=&#8221;center&#8221; css_animation=&#8221;fadeIn&#8221; css=&#8221;&#8221; el_class=&#8221;get_my_copy&#8221; link=&#8221;url:https%3A%2F%2Fsustrat.com%2F%23Nosotros|title:Sustrat%20Landing%20Page&#8221;][\/vc_column_inner][vc_column_inner width=&#8221;1\/6&#8243;][vc_btn title=&#8221;Servicios&#8221; style=&#8221;outline&#8221; shape=&#8221;round&#8221; color=&#8221;success&#8221; align=&#8221;center&#8221; css_animation=&#8221;fadeIn&#8221; css=&#8221;&#8221; link=&#8221;url:https%3A%2F%2Fsustrat.com%2F%23Servicios|title:Sustrat%20Landing%20Page&#8221; el_class=&#8221;get_my_copy&#8221;][\/vc_column_inner][vc_column_inner width=&#8221;1\/6&#8243;][vc_btn title=&#8221;Blog&#8221; style=&#8221;outline&#8221; shape=&#8221;round&#8221; color=&#8221;success&#8221; align=&#8221;center&#8221; css_animation=&#8221;fadeIn&#8221; css=&#8221;&#8221; link=&#8221;url:https%3A%2F%2Fsustrat.com%2F%23Blog|title:Sustrat%20Landing%20Page&#8221; el_class=&#8221;get_my_copy&#8221;][\/vc_column_inner][vc_column_inner width=&#8221;1\/6&#8243;][vc_btn title=&#8221;Contacto&#8221; style=&#8221;outline&#8221; shape=&#8221;round&#8221; color=&#8221;success&#8221; align=&#8221;center&#8221; css_animation=&#8221;fadeIn&#8221; css=&#8221;&#8221; link=&#8221;url:https%3A%2F%2Fsustrat.com%2F%23Contacto|title:Sustrat%20Landing%20Page&#8221; el_class=&#8221;get_my_copy&#8221;][\/vc_column_inner][\/vc_row_inner][vc_row_inner][vc_column_inner][vc_empty_space height=&#8221;124px&#8221;][\/vc_column_inner][\/vc_row_inner][vc_row_inner][vc_column_inner][vc_single_image image=&#8221;87&#8243; img_size=&#8221;medium&#8221; [&hellip;]<\/p>\n","protected":false},"author":1,"featured_media":0,"parent":0,"menu_order":0,"comment_status":"closed","ping_status":"closed","template":"elementor_theme","meta":{"footnotes":""},"class_list":["post-68","page","type-page","status-publish","hentry"],"_links":{"self":[{"href":"https:\/\/sustrat.com\/index.php\/wp-json\/wp\/v2\/pages\/68","targetHints":{"allow":["GET"]}}],"collection":[{"href":"https:\/\/sustrat.com\/index.php\/wp-json\/wp\/v2\/pages"}],"about":[{"href":"https:\/\/sustrat.com\/index.php\/wp-json\/wp\/v2\/types\/page"}],"author":[{"embeddable":true,"href":"https:\/\/sustrat.com\/index.php\/wp-json\/wp\/v2\/users\/1"}],"replies":[{"embeddable":true,"href":"https:\/\/sustrat.com\/index.php\/wp-json\/wp\/v2\/comments?post=68"}],"version-history":[{"count":33,"href":"https:\/\/sustrat.com\/index.php\/wp-json\/wp\/v2\/pages\/68\/revisions"}],"predecessor-version":[{"id":152,"href":"https:\/\/sustrat.com\/index.php\/wp-json\/wp\/v2\/pages\/68\/revisions\/152"}],"wp:attachment":[{"href":"https:\/\/sustrat.com\/index.php\/wp-json\/wp\/v2\/media?parent=68"}],"curies":[{"name":"wp","href":"https:\/\/api.w.org\/{rel}","templated":true}]}}